{"id":5735,"date":"2022-10-06T02:13:24","date_gmt":"2022-10-06T02:13:24","guid":{"rendered":"https:\/\/alohaverarural.com\/mentions-legales\/"},"modified":"2023-12-19T10:33:31","modified_gmt":"2023-12-19T10:33:31","slug":"mentions-legales","status":"publish","type":"page","link":"https:\/\/alohaverarural.com\/fr\/mentions-legales\/","title":{"rendered":"Mentions l\u00e9gales"},"content":{"rendered":"\t\t<div data-elementor-type=\"wp-page\" data-elementor-id=\"5735\" class=\"elementor elementor-5735 elementor-1926\" data-elementor-post-type=\"page\">\n\t\t\t\t\t\t<section class=\"elementor-section elementor-top-section elementor-element elementor-element-bb6ef04 elementor-section-boxed elementor-section-height-default elementor-section-height-default\" data-id=\"bb6ef04\" data-element_type=\"section\" data-e-type=\"section\">\n\t\t\t\t\t\t<div class=\"elementor-container elementor-column-gap-default\">\n\t\t\t\t\t<div class=\"elementor-column elementor-col-100 elementor-top-column elementor-element elementor-element-377c1b9\" data-id=\"377c1b9\" data-element_type=\"column\" data-e-type=\"column\">\n\t\t\t<div class=\"elementor-widget-wrap elementor-element-populated\">\n\t\t\t\t\t\t<div class=\"elementor-element elementor-element-5e85d23 elementor-widget elementor-widget-text-editor\" data-id=\"5e85d23\" data-element_type=\"widget\" data-e-type=\"widget\" data-widget_type=\"text-editor.default\">\n\t\t\t\t<div class=\"elementor-widget-container\">\n\t\t\t\t\t\t\t\t\t<p><strong>DONN\u00c9ES D\u2019IDENTIFICATION<\/strong><\/p>\n<p>Site Web : www.alohaverarural.com (ci-apr\u00e8s d\u00e9nomm\u00e9 \u00ab le portail ou le site Web ou le site Web \u00bb)<\/p>\n<p>Nom commercial : Aloha Vera (ci-apr\u00e8s d\u00e9nomm\u00e9 l\u2019h\u00e9bergement)<\/p>\n<p>N\u00b0 de licence : XXXX<\/p>\n<p>Responsable&nbsp;: ALOHA VERA&nbsp;: ESPACIO DE EXPERIENCIAS IDIOMATICAS, S.L.<\/p>\n<p>NIF : B86820404<\/p>\n<p>Adresse&nbsp;: Calle Altozano, 10<\/p>\n<p>Courriel : vive@alohavera.es<\/p>\n<p><b>OBJET<\/b><\/p>\n<p>L\u2019h\u00e9bergeur, en tant que responsable du site web, met \u00e0 la disposition des utilisateurs ce document, qui r\u00e9glemente l\u2019utilisation du site web, avec lequel nous avons l\u2019intention de respecter les obligations \u00e9nonc\u00e9es dans la loi 34\/2002 sur les services de la soci\u00e9t\u00e9 de l\u2019information et du commerce \u00e9lectronique (LSSICE ou LSSI), ainsi que d\u2019informer tous les utilisateurs du site web des conditions d\u2019utilisation du site web.<\/p>\n<p>L\u2019h\u00e9bergement permet aux utilisateurs d\u2019acc\u00e9der et d\u2019utiliser diff\u00e9rents services et contenus mis \u00e0 disposition par le biais du site Web.<\/p>\n<p><b>UTILISATEURS<\/b><\/p>\n<p>L\u2019utilisation de ce portail est absolument volontaire et implique l\u2019acceptation pleine et enti\u00e8re par la personne qui y acc\u00e8de, ci-apr\u00e8s \u00ab&nbsp;Utilisateur&nbsp;\u00bb, de toutes les conditions d\u2019utilisation en vigueur \u00e0 tout moment qui se trouvent \u00e0 cette adresse. Le Site se r\u00e9serve le droit de retirer l\u2019acc\u00e8s \u00e0 ce site, sans pr\u00e9avis, \u00e0 tout Utilisateur qui contreviendrait aux dispositions des pr\u00e9sentes conditions d\u2019utilisation. Il est de la responsabilit\u00e9 de l\u2019Utilisateur de lire attentivement les pr\u00e9sentes conditions g\u00e9n\u00e9rales. Les conditions pr\u00e9cit\u00e9es s\u2019appliqueront quelles que soient les conditions g\u00e9n\u00e9rales de contrat \u00e9ventuellement obligatoires.<\/p>\n<p><b>UTILISATION DU PORTAIL<\/b><\/p>\n<p>Le site web permet d\u2019acc\u00e9der \u00e0 une multitude d\u2019informations, de services, de programmes ou de donn\u00e9es (ci-apr\u00e8s, \u00ab les contenus \u00bb) sur Internet appartenant au site web. L\u2019utilisateur assume la responsabilit\u00e9 de l\u2019utilisation du portail. L\u2019Utilisateur s\u2019engage \u00e0 faire un usage appropri\u00e9 des contenus et des services, y compris, mais sans s\u2019y limiter, \u00e0 ne pas les utiliser pour (i) se livrer \u00e0 des activit\u00e9s illicites, ill\u00e9gales ou contraires \u00e0 la bonne foi et \u00e0 l\u2019ordre public ; (ii) diffuser des contenus ou de la propagande \u00e0 caract\u00e8re raciste, x\u00e9nophobe, pornographique-ill\u00e9gal, en soutien au terrorisme ou en violation des droits de l\u2019homme ; (iii) tenter d\u2019acc\u00e9der et, le cas \u00e9ch\u00e9ant, d\u2019utiliser les comptes de messagerie d\u2019autres utilisateurs et de les modifier ou de manipuler leurs messages.<\/p>\n<p><b>ENREGISTREMENT DE L\u2019UTILISATEUR<\/b><\/p>\n<p>D\u2019une mani\u00e8re g\u00e9n\u00e9rale, la fourniture des Services ne n\u00e9cessite pas de souscription ou d\u2019inscription pr\u00e9alable de la part des Utilisateurs.<\/p>\n<p><b>MINEURS<\/b><\/p>\n<p>Pour utiliser les services, les mineurs doivent toujours obtenir le consentement pr\u00e9alable de leurs parents, tuteurs ou repr\u00e9sentants l\u00e9gaux, qui sont responsables en dernier ressort de tous les actes accomplis par les mineurs dont ils ont la charge. C\u2019est \u00e0 eux qu\u2019incombe la responsabilit\u00e9 de d\u00e9terminer les contenus sp\u00e9cifiques auxquels les mineurs acc\u00e8dent, c\u2019est pourquoi s\u2019ils acc\u00e8dent \u00e0 des contenus inappropri\u00e9s sur Internet, des m\u00e9canismes devront \u00eatre mis en place sur leurs ordinateurs, en particulier des programmes informatiques, des filtres et des blocages, qui leur permettent de limiter le contenu disponible et, bien qu\u2019ils ne soient pas infaillibles,  Ils sont particuli\u00e8rement utiles pour contr\u00f4ler et restreindre les documents auxquels les mineurs peuvent acc\u00e9der.<\/p>\n<p><b>PROTECTION DES DONN\u00c9ES<\/b><\/p>\n<p>Nous vous informons que notre site web est conforme aux directives de la r\u00e9glementation en vigueur sur la protection des donn\u00e9es personnelles, le r\u00e8glement (UE) 2016\/679 du 27 avril 2016 (RGPD), sur la protection des personnes physiques \u00e0 l\u2019\u00e9gard du traitement des donn\u00e9es personnelles et sur la libre circulation de ces donn\u00e9es. Pour plus d\u2019informations, consultez Politique de protection des donn\u00e9es<\/p>\n<p><b>PROPRI\u00c9T\u00c9 INTELLECTUELLE ET INDUSTRIELLE<\/b><\/p>\n<p>Le site web, y compris, mais sans s\u2019y limiter, la programmation, l\u2019\u00e9dition, la compilation et d\u2019autres \u00e9l\u00e9ments n\u00e9cessaires \u00e0 son fonctionnement, les dessins, les logos, les textes, les photographies et\/ou les graphiques sont la propri\u00e9t\u00e9 de l\u2019h\u00e9bergeur ou, le cas \u00e9ch\u00e9ant, disposent de la licence ou de l\u2019autorisation expresse des auteurs. Tous les contenus du site web sont d\u00fbment prot\u00e9g\u00e9s par la r\u00e9glementation en mati\u00e8re de propri\u00e9t\u00e9 intellectuelle et industrielle.<\/p>\n<p>Quelle que soit la finalit\u00e9 \u00e0 laquelle ils sont destin\u00e9s, la reproduction, l\u2019utilisation, la diffusion et la communication publique, totales ou partielles, n\u00e9cessitent l\u2019autorisation \u00e9crite pr\u00e9alable de l\u2019h\u00e9bergeur. Toute utilisation non pr\u00e9alablement autoris\u00e9e par l\u2019h\u00e9bergement sera consid\u00e9r\u00e9e comme une violation grave des droits de propri\u00e9t\u00e9 intellectuelle ou industrielle de l\u2019auteur.<\/p>\n<p>Les dessins, logos, textes et\/ou graphiques qui ne sont pas ceux du fournisseur et qui peuvent appara\u00eetre sur le site web appartiennent \u00e0 leurs propri\u00e9taires respectifs, qui sont responsables de toute controverse \u00e9ventuelle qui pourrait survenir \u00e0 leur sujet. Dans tous les cas, le prestataire dispose de l\u2019autorisation expresse et pr\u00e9alable de celui-ci.<\/p>\n<p>L\u2019h\u00e9bergement reconna\u00eet les droits de propri\u00e9t\u00e9 industrielle et intellectuelle correspondants en faveur de ses propri\u00e9taires, sans impliquer la mention ou l\u2019apparition sur le site Web de l\u2019existence de droits ou d\u2019une quelconque responsabilit\u00e9 de l\u2019h\u00e9bergement sur ceux-ci, ni l\u2019approbation, le parrainage ou la recommandation de ceux-ci.<\/p>\n<p>Pour faire tout type d\u2019observation concernant d\u2019\u00e9ventuelles violations des droits de propri\u00e9t\u00e9 intellectuelle ou industrielle, ainsi que de tout contenu du site Web, vous pouvez le faire par le biais de l\u2019e-mail d\u00e9crit ci-dessus.<\/p>\n<p><b>EXCLUSION DE GARANTIES ET DE RESPONSABILIT\u00c9<\/b><\/p>\n<p>Le site web n\u2019est en aucun cas responsable des dommages de toute nature qui pourraient \u00eatre caus\u00e9s, y compris : erreurs ou omissions dans les contenus, manque de disponibilit\u00e9 du portail ou transmission de virus ou de programmes malveillants ou nuisibles dans les contenus, bien qu\u2019il ait adopt\u00e9 toutes les mesures technologiques n\u00e9cessaires pour l\u2019\u00e9viter. Le contenu de ce site web est propos\u00e9 \u00e0 titre informatif et informatif. Notre site web d\u00e9cline toute responsabilit\u00e9, directe ou indirecte, qui pourrait d\u00e9couler de l\u2019utilisation ou de l\u2019application des informations de ce site web en dehors de ses finalit\u00e9s.<\/p>\n<p><b>COOKIES<\/b><\/p>\n<p>Le site web utilise des cookies (petits fichiers d\u2019information que le serveur envoie \u00e0 l\u2019ordinateur de la personne acc\u00e9dant \u00e0 la page) pour ex\u00e9cuter certaines fonctions consid\u00e9r\u00e9es comme essentielles au bon fonctionnement et \u00e0 la visualisation du site. Pour plus d\u2019informations, consultez la Politique en mati\u00e8re de cookies.<\/p>\n<p><b>LES MODIFICATIONS<\/b><\/p>\n<p>Le site se r\u00e9serve le droit d\u2019apporter \u00e0 son portail les modifications qu\u2019il juge opportunes sans pr\u00e9avis.<\/p>\n<p><b>LIENS<\/b><\/p>\n<p>En aucun cas, le site Web n\u2019assumera aucune responsabilit\u00e9 quant au contenu de tout lien appartenant \u00e0 un site Web tiers, ni ne garantira la disponibilit\u00e9 technique, la qualit\u00e9, la fiabilit\u00e9, l\u2019exactitude, l\u2019exhaustivit\u00e9, la v\u00e9racit\u00e9, la validit\u00e9 et la constitutionnalit\u00e9 de tout mat\u00e9riel ou information contenu sur ce site Web.<\/p>\n<p><b>DROIT DE RETRAIT<\/b><\/p>\n<p>Le site web se r\u00e9serve le droit de refuser ou de retirer l\u2019acc\u00e8s au portail et\/ou aux services offerts sans pr\u00e9avis, \u00e0 sa propre demande ou \u00e0 la demande d\u2019un tiers, aux utilisateurs qui ne respectent pas les pr\u00e9sentes mentions l\u00e9gales.<\/p>\n<p><b>G\u00c9N\u00c9RALIT\u00c9S<\/b><\/p>\n<p>Notre site web poursuivra la violation du pr\u00e9sent avis juridique ainsi que toute utilisation abusive de son portail en exer\u00e7ant toutes les actions civiles et p\u00e9nales qui peuvent lui correspondre en droit.<\/p>\n<p><b>MODIFICATION DES PR\u00c9SENTES CONDITIONS G\u00c9N\u00c9RALES ET DUR\u00c9E<\/b><\/p>\n<p>Le site Web peut modifier \u00e0 tout moment les conditions \u00e9nonc\u00e9es dans les pr\u00e9sentes, qui seront d\u00fbment publi\u00e9es telles qu\u2019elles apparaissent ici. La validit\u00e9 des conditions susmentionn\u00e9es d\u00e9pendra de leur pr\u00e9sentation et sera en vigueur jusqu\u2019\u00e0 ce qu\u2019elles soient modifi\u00e9es par d\u2019autres d\u00fbment publi\u00e9es.<\/p>\n<p><b>DROIT APPLICABLE ET JURIDICTION COMP\u00c9TENTE<\/b><\/p>\n<p>La relation entre notre site web et l\u2019utilisateur sera r\u00e9gie par la l\u00e9gislation espagnole en vigueur et tout litige concernant l\u2019utilisation du site web par les parties sera soumis \u00e0 la juridiction \u00e0 laquelle appartient le logement.<\/p>\n\t\t\t\t\t\t\t\t<\/div>\n\t\t\t\t<\/div>\n\t\t\t\t\t<\/div>\n\t\t<\/div>\n\t\t\t\t\t<\/div>\n\t\t<\/section>\n\t\t\t\t<\/div>\n\t\t","protected":false},"excerpt":{"rendered":"<p>DONN\u00c9ES D\u2019IDENTIFICATION Site Web : www.alohaverarural.com (ci-apr\u00e8s d\u00e9nomm\u00e9 \u00ab le portail ou le site Web ou le site Web \u00bb) Nom commercial : Aloha Vera (ci-apr\u00e8s d\u00e9nomm\u00e9 l\u2019h\u00e9bergement) N\u00b0 de licence : XXXX Responsable&nbsp;: ALOHA VERA&nbsp;: ESPACIO DE EXPERIENCIAS IDIOMATICAS, S.L. NIF : B86820404 Adresse&nbsp;: Calle Altozano, 10 Courriel : vive@alohavera.es OBJET L\u2019h\u00e9bergeur, en tant [&hellip;]<\/p>\n","protected":false},"author":1,"featured_media":0,"parent":0,"menu_order":0,"comment_status":"closed","ping_status":"closed","template":"elementor_header_footer","meta":{"_seopress_robots_primary_cat":"","_seopress_titles_title":"","_seopress_titles_desc":"","_seopress_robots_index":"","footnotes":""},"class_list":["post-5735","page","type-page","status-publish","hentry"],"_links":{"self":[{"href":"https:\/\/alohaverarural.com\/fr\/wp-json\/wp\/v2\/pages\/5735","targetHints":{"allow":["GET"]}}],"collection":[{"href":"https:\/\/alohaverarural.com\/fr\/wp-json\/wp\/v2\/pages"}],"about":[{"href":"https:\/\/alohaverarural.com\/fr\/wp-json\/wp\/v2\/types\/page"}],"author":[{"embeddable":true,"href":"https:\/\/alohaverarural.com\/fr\/wp-json\/wp\/v2\/users\/1"}],"replies":[{"embeddable":true,"href":"https:\/\/alohaverarural.com\/fr\/wp-json\/wp\/v2\/comments?post=5735"}],"version-history":[{"count":3,"href":"https:\/\/alohaverarural.com\/fr\/wp-json\/wp\/v2\/pages\/5735\/revisions"}],"predecessor-version":[{"id":5741,"href":"https:\/\/alohaverarural.com\/fr\/wp-json\/wp\/v2\/pages\/5735\/revisions\/5741"}],"wp:attachment":[{"href":"https:\/\/alohaverarural.com\/fr\/wp-json\/wp\/v2\/media?parent=5735"}],"curies":[{"name":"wp","href":"https:\/\/api.w.org\/{rel}","templated":true}]}}