{"id":4266,"date":"2022-02-16T10:40:55","date_gmt":"2022-02-16T10:40:55","guid":{"rendered":"https:\/\/alohaverarural.com\/blog\/"},"modified":"2023-06-13T09:33:57","modified_gmt":"2023-06-13T09:33:57","slug":"blog","status":"publish","type":"page","link":"https:\/\/alohaverarural.com\/fr\/blog\/","title":{"rendered":"Blog"},"content":{"rendered":"\t\t<div data-elementor-type=\"wp-page\" data-elementor-id=\"4266\" class=\"elementor elementor-4266 elementor-178\" data-elementor-post-type=\"page\">\n\t\t\t\t\t\t<section class=\"elementor-section elementor-top-section elementor-element elementor-element-223c2545 elementor-section-height-min-height elementor-section-boxed elementor-section-height-default elementor-section-items-middle\" data-id=\"223c2545\" data-element_type=\"section\" data-e-type=\"section\" data-settings=\"{&quot;background_background&quot;:&quot;classic&quot;}\">\n\t\t\t\t\t\t<div class=\"elementor-container elementor-column-gap-default\">\n\t\t\t\t\t<div class=\"elementor-column elementor-col-100 elementor-top-column elementor-element elementor-element-1ab51261\" data-id=\"1ab51261\" data-element_type=\"column\" data-e-type=\"column\">\n\t\t\t<div class=\"elementor-widget-wrap elementor-element-populated\">\n\t\t\t\t\t\t<section class=\"elementor-section elementor-inner-section elementor-element elementor-element-4773d3e6 elementor-section-full_width elementor-section-content-middle elementor-reverse-mobile animated-slow elementor-section-height-default elementor-section-height-default elementor-invisible\" data-id=\"4773d3e6\" data-element_type=\"section\" data-e-type=\"section\" data-settings=\"{&quot;background_background&quot;:&quot;classic&quot;,&quot;animation&quot;:&quot;fadeInUp&quot;,&quot;animation_delay&quot;:100}\">\n\t\t\t\t\t\t<div class=\"elementor-container elementor-column-gap-default\">\n\t\t\t\t\t<div class=\"elementor-column elementor-col-100 elementor-inner-column elementor-element elementor-element-5ec7e09e\" data-id=\"5ec7e09e\" data-element_type=\"column\" data-e-type=\"column\">\n\t\t\t<div class=\"elementor-widget-wrap elementor-element-populated\">\n\t\t\t\t\t\t<div class=\"elementor-element elementor-element-a9f586c premium-blog-align-left elementor-widget elementor-widget-premium-addon-blog\" data-id=\"a9f586c\" data-element_type=\"widget\" data-e-type=\"widget\" data-settings=\"{&quot;premium_blog_columns_number&quot;:&quot;33.33%&quot;,&quot;premium_blog_grid&quot;:&quot;yes&quot;,&quot;premium_blog_layout&quot;:&quot;even&quot;,&quot;premium_blog_columns_number_tablet&quot;:&quot;50%&quot;,&quot;premium_blog_columns_number_mobile&quot;:&quot;100%&quot;}\" data-widget_type=\"premium-addon-blog.default\">\n\t\t\t\t<div class=\"elementor-widget-container\">\n\t\t\t\t\t\n\t\t\n\n\t\t\t\t<div class=\"premium-blog-wrap  premium-blog-even\" data-page=\"4266\">\n\t\t\t\t\t\t\t\t\t<div class=\"premium-blog-post-outer-container\" data-total=\"1\">\n\t\t\t<div class=\"premium-blog-post-container premium-blog-skin-classic\">\n\t\t\t\t\t\t\t\t\t<div class=\"premium-blog-thumb-effect-wrapper\">\n\t\t\t\t\t\t<div class=\"premium-blog-thumbnail-container premium-blog-none-effect\">\n\t\t\t\t\t\t\t<img fetchpriority=\"high\" decoding=\"async\" width=\"938\" height=\"714\" src=\"https:\/\/alohaverarural.com\/wp-content\/uploads\/2022\/12\/Queso-cacereno.jpg\" class=\"attachment-full size-full wp-image-4174\" alt=\"\" srcset=\"https:\/\/alohaverarural.com\/wp-content\/uploads\/2022\/12\/Queso-cacereno.jpg 938w, https:\/\/alohaverarural.com\/wp-content\/uploads\/2022\/12\/Queso-cacereno-300x228.jpg 300w, https:\/\/alohaverarural.com\/wp-content\/uploads\/2022\/12\/Queso-cacereno-768x585.jpg 768w\" sizes=\"(max-width: 938px) 100vw, 938px\" \/>\t\t\t\t\t\t<\/div>\n\t\t\t\t\t\t\t\t\t\t\t\t\t<div class=\"premium-blog-thumbnail-overlay\">\n\t\t\t\t\t\t\t\t<a class=\"elementor-icon\" href=\"https:\/\/alohaverarural.com\/fr\/un-voyage-a-travers-le-monde-des-fromages-caceres\/\" target=\"_blank\"><\/a>\n\t\t\t\t\t\t\t<\/div>\n\n\t\t\t\t\t\t\t\t\t\t\t\t\t\t\t\t\t\t<\/div>\n\t\t\t\t\t\t\t\t\t\t\t\t<div class=\"premium-blog-content-wrapper \">\n\n\t\t\t\t\t<div class=\"premium-blog-inner-container\">\n\n\t\t\t\t\t\t\t\t\t\t\t\t\t\t<h2 class=\"premium-blog-entry-title\">\n\t\t\t<a href=\"https:\/\/alohaverarural.com\/fr\/un-voyage-a-travers-le-monde-des-fromages-caceres\/\" target=\"_blank\">\n\t\t\t\tUn voyage \u00e0 travers le monde des fromages C\u00e1ceres\t\t\t<\/a>\n\t\t<\/h2>\n\t\t\t\t<div class=\"premium-blog-entry-meta\">\n\t\t\t\n\t\t\t\t\t\t\t<span class=\"premium-blog-meta-separator\">\u2022<\/span>\n\t\t\t\t<div class=\"premium-blog-post-time premium-blog-meta-data\">\n\t\t\t\t\t<i class=\"fa fa-calendar-alt\" aria-hidden=\"true\"><\/i>\n\t\t\t\t\t<span>28\/02\/2025<\/span>\n\t\t\t\t<\/div>\n\t\t\t\n\t\t\t\n\t\t\t\t\t<\/div>\n\t\t\n\t\t\t\t\t<\/div>\n\n\t\t\t\t\t\t\t<div class=\"premium-blog-content-inner-wrapper\">\n\t\t<p class=\"premium-blog-post-content\">Une table de saveurs combin\u00e9es, explosives, sucr\u00e9es, douces, \u00e9pic\u00e9es ou plus innocentes&#8230; est servi. Les fromages au coing ou aux fruits vari\u00e9s \u2026<\/p>\t\t<\/div>\n\t\t\t\t\t\t\t\n\t\t\t\t<\/div>\n\t\t\t<\/div>\n\t\t<\/div>\n\n\t\t\t\t<div class=\"premium-blog-post-outer-container\" data-total=\"1\">\n\t\t\t<div class=\"premium-blog-post-container premium-blog-skin-classic\">\n\t\t\t\t\t\t\t\t\t<div class=\"premium-blog-thumb-effect-wrapper\">\n\t\t\t\t\t\t<div class=\"premium-blog-thumbnail-container premium-blog-none-effect\">\n\t\t\t\t\t\t\t<img decoding=\"async\" width=\"938\" height=\"714\" src=\"https:\/\/alohaverarural.com\/wp-content\/uploads\/2022\/12\/Cochifrito.jpg\" class=\"attachment-full size-full wp-image-4172\" alt=\"\" srcset=\"https:\/\/alohaverarural.com\/wp-content\/uploads\/2022\/12\/Cochifrito.jpg 938w, https:\/\/alohaverarural.com\/wp-content\/uploads\/2022\/12\/Cochifrito-300x228.jpg 300w, https:\/\/alohaverarural.com\/wp-content\/uploads\/2022\/12\/Cochifrito-768x585.jpg 768w\" sizes=\"(max-width: 938px) 100vw, 938px\" \/>\t\t\t\t\t\t<\/div>\n\t\t\t\t\t\t\t\t\t\t\t\t\t<div class=\"premium-blog-thumbnail-overlay\">\n\t\t\t\t\t\t\t\t<a class=\"elementor-icon\" href=\"https:\/\/alohaverarural.com\/fr\/de-la-tradition-de-lestremadure-a-lassiette\/\" target=\"_blank\"><\/a>\n\t\t\t\t\t\t\t<\/div>\n\n\t\t\t\t\t\t\t\t\t\t\t\t\t\t\t\t\t\t<\/div>\n\t\t\t\t\t\t\t\t\t\t\t\t<div class=\"premium-blog-content-wrapper \">\n\n\t\t\t\t\t<div class=\"premium-blog-inner-container\">\n\n\t\t\t\t\t\t\t\t\t\t\t\t\t\t<h2 class=\"premium-blog-entry-title\">\n\t\t\t<a href=\"https:\/\/alohaverarural.com\/fr\/de-la-tradition-de-lestremadure-a-lassiette\/\" target=\"_blank\">\n\t\t\t\tDe la tradition de l\u2019Estr\u00e9madure \u00e0 l\u2019assiette\t\t\t<\/a>\n\t\t<\/h2>\n\t\t\t\t<div class=\"premium-blog-entry-meta\">\n\t\t\t\n\t\t\t\t\t\t\t<span class=\"premium-blog-meta-separator\">\u2022<\/span>\n\t\t\t\t<div class=\"premium-blog-post-time premium-blog-meta-data\">\n\t\t\t\t\t<i class=\"fa fa-calendar-alt\" aria-hidden=\"true\"><\/i>\n\t\t\t\t\t<span>12\/12\/2024<\/span>\n\t\t\t\t<\/div>\n\t\t\t\n\t\t\t\n\t\t\t\t\t<\/div>\n\t\t\n\t\t\t\t\t<\/div>\n\n\t\t\t\t\t\t\t<div class=\"premium-blog-content-inner-wrapper\">\n\t\t<p class=\"premium-blog-post-content\">Les plats traditionnels d\u2019une r\u00e9gion traversent les recettes, transcendent les ar\u00f4mes et vont au-del\u00e0 de l\u2019exp\u00e9rience explicite et d\u00e9licieuse de texture et \u2026<\/p>\t\t<\/div>\n\t\t\t\t\t\t\t\n\t\t\t\t<\/div>\n\t\t\t<\/div>\n\t\t<\/div>\n\n\t\t\t\t<div class=\"premium-blog-post-outer-container\" data-total=\"1\">\n\t\t\t<div class=\"premium-blog-post-container premium-blog-skin-classic\">\n\t\t\t\t\t\t\t\t\t<div class=\"premium-blog-thumb-effect-wrapper\">\n\t\t\t\t\t\t<div class=\"premium-blog-thumbnail-container premium-blog-none-effect\">\n\t\t\t\t\t\t\t<img decoding=\"async\" width=\"938\" height=\"714\" src=\"https:\/\/alohaverarural.com\/wp-content\/uploads\/2022\/12\/Premios-PIE.jpg\" class=\"attachment-full size-full wp-image-4176\" alt=\"\" srcset=\"https:\/\/alohaverarural.com\/wp-content\/uploads\/2022\/12\/Premios-PIE.jpg 938w, https:\/\/alohaverarural.com\/wp-content\/uploads\/2022\/12\/Premios-PIE-300x228.jpg 300w, https:\/\/alohaverarural.com\/wp-content\/uploads\/2022\/12\/Premios-PIE-768x585.jpg 768w\" sizes=\"(max-width: 938px) 100vw, 938px\" \/>\t\t\t\t\t\t<\/div>\n\t\t\t\t\t\t\t\t\t\t\t\t\t<div class=\"premium-blog-thumbnail-overlay\">\n\t\t\t\t\t\t\t\t<a class=\"elementor-icon\" href=\"https:\/\/alohaverarural.com\/fr\/aloha-vera-obtient-la-troisieme-place-aux-pie-awards\/\" target=\"_blank\"><\/a>\n\t\t\t\t\t\t\t<\/div>\n\n\t\t\t\t\t\t\t\t\t\t\t\t\t\t\t\t\t\t<\/div>\n\t\t\t\t\t\t\t\t\t\t\t\t<div class=\"premium-blog-content-wrapper \">\n\n\t\t\t\t\t<div class=\"premium-blog-inner-container\">\n\n\t\t\t\t\t\t\t\t\t\t\t\t\t\t<h2 class=\"premium-blog-entry-title\">\n\t\t\t<a href=\"https:\/\/alohaverarural.com\/fr\/aloha-vera-obtient-la-troisieme-place-aux-pie-awards\/\" target=\"_blank\">\n\t\t\t\tAloha Vera obtient la troisi\u00e8me place aux PIE Awards\t\t\t<\/a>\n\t\t<\/h2>\n\t\t\t\t<div class=\"premium-blog-entry-meta\">\n\t\t\t\n\t\t\t\t\t\t\t<span class=\"premium-blog-meta-separator\">\u2022<\/span>\n\t\t\t\t<div class=\"premium-blog-post-time premium-blog-meta-data\">\n\t\t\t\t\t<i class=\"fa fa-calendar-alt\" aria-hidden=\"true\"><\/i>\n\t\t\t\t\t<span>12\/12\/2024<\/span>\n\t\t\t\t<\/div>\n\t\t\t\n\t\t\t\n\t\t\t\t\t<\/div>\n\t\t\n\t\t\t\t\t<\/div>\n\n\t\t\t\t\t\t\t<div class=\"premium-blog-content-inner-wrapper\">\n\t\t<p class=\"premium-blog-post-content\">Le Conseil provincial de C\u00e1ceres a d\u00e9cern\u00e9 le troisi\u00e8me prix du Programme d\u2019id\u00e9es entrepreneuriales dans le monde rural, PIE 2022, \u00e0 Aloha \u2026<\/p>\t\t<\/div>\n\t\t\t\t\t\t\t\n\t\t\t\t<\/div>\n\t\t\t<\/div>\n\t\t<\/div>\n\n\t\t\t\t<div class=\"premium-blog-post-outer-container\" data-total=\"1\">\n\t\t\t<div class=\"premium-blog-post-container premium-blog-skin-classic\">\n\t\t\t\t\t\t\t\t\t<div class=\"premium-blog-thumb-effect-wrapper\">\n\t\t\t\t\t\t<div class=\"premium-blog-thumbnail-container premium-blog-none-effect\">\n\t\t\t\t\t\t\t<img loading=\"lazy\" decoding=\"async\" width=\"938\" height=\"714\" src=\"https:\/\/alohaverarural.com\/wp-content\/uploads\/2022\/09\/Post-Nota-Pablo-1.jpg\" class=\"attachment-full size-full wp-image-4072\" alt=\"\" srcset=\"https:\/\/alohaverarural.com\/wp-content\/uploads\/2022\/09\/Post-Nota-Pablo-1.jpg 938w, https:\/\/alohaverarural.com\/wp-content\/uploads\/2022\/09\/Post-Nota-Pablo-1-300x228.jpg 300w, https:\/\/alohaverarural.com\/wp-content\/uploads\/2022\/09\/Post-Nota-Pablo-1-768x585.jpg 768w, https:\/\/alohaverarural.com\/wp-content\/uploads\/2022\/09\/Post-Nota-Pablo-1-600x457.jpg 600w\" sizes=\"(max-width: 938px) 100vw, 938px\" \/>\t\t\t\t\t\t<\/div>\n\t\t\t\t\t\t\t\t\t\t\t\t\t<div class=\"premium-blog-thumbnail-overlay\">\n\t\t\t\t\t\t\t\t<a class=\"elementor-icon\" href=\"https:\/\/alohaverarural.com\/fr\/\" target=\"_blank\"><\/a>\n\t\t\t\t\t\t\t<\/div>\n\n\t\t\t\t\t\t\t\t\t\t\t\t\t\t\t\t\t\t<\/div>\n\t\t\t\t\t\t\t\t\t\t\t\t<div class=\"premium-blog-content-wrapper \">\n\n\t\t\t\t\t<div class=\"premium-blog-inner-container\">\n\n\t\t\t\t\t\t\t\t\t\t\t\t\t\t<h2 class=\"premium-blog-entry-title\">\n\t\t\t<a href=\"https:\/\/alohaverarural.com\/fr\/\" target=\"_blank\">\n\t\t\t\tDe la Vera, culture, famille et affichage des traditions\t\t\t<\/a>\n\t\t<\/h2>\n\t\t\t\t<div class=\"premium-blog-entry-meta\">\n\t\t\t\n\t\t\t\t\t\t\t<span class=\"premium-blog-meta-separator\">\u2022<\/span>\n\t\t\t\t<div class=\"premium-blog-post-time premium-blog-meta-data\">\n\t\t\t\t\t<i class=\"fa fa-calendar-alt\" aria-hidden=\"true\"><\/i>\n\t\t\t\t\t<span>21\/04\/2023<\/span>\n\t\t\t\t<\/div>\n\t\t\t\n\t\t\t\n\t\t\t\t\t<\/div>\n\t\t\n\t\t\t\t\t<\/div>\n\n\t\t\t\t\t\t\t<div class=\"premium-blog-content-inner-wrapper\">\n\t\t<p class=\"premium-blog-post-content\">Plonger dans les veines d\u2019une r\u00e9gion est possible \u00e0 travers ses habitants, sa famille et ses coutumes qui composent ce que nous \u2026<\/p>\t\t<\/div>\n\t\t\t\t\t\t\t\n\t\t\t\t<\/div>\n\t\t\t<\/div>\n\t\t<\/div>\n\n\t\t\t\t\t\t\t<\/div>\n\n\t\t\n\t\t\n\t\t\t\t\t\t<\/div>\n\t\t\t\t<\/div>\n\t\t\t\t\t<\/div>\n\t\t<\/div>\n\t\t\t\t\t<\/div>\n\t\t<\/section>\n\t\t\t\t\t<\/div>\n\t\t<\/div>\n\t\t\t\t\t<\/div>\n\t\t<\/section>\n\t\t\t\t<\/div>\n\t\t","protected":false},"excerpt":{"rendered":"<p>Un viaje por el mundo de los quesos cacere\u00f1os Un viaje por el mundo de los quesos cacere\u00f1os \u2022 28\/02\/2023 Una mesa de sabores combinados, explosivos, dulces, suaves, picantes o m\u00e1s inocentes\u2026 est\u00e1 servida. Resaltan los quesos con membrillo o frutas variadas. \u2026 De la tradici\u00f3n de Extremadura al plato De la tradici\u00f3n de Extremadura [&hellip;]<\/p>\n","protected":false},"author":1,"featured_media":0,"parent":0,"menu_order":0,"comment_status":"closed","ping_status":"closed","template":"elementor_header_footer","meta":{"_seopress_robots_primary_cat":"","_seopress_titles_title":"","_seopress_titles_desc":"","_seopress_robots_index":"","footnotes":""},"class_list":["post-4266","page","type-page","status-publish","hentry"],"_links":{"self":[{"href":"https:\/\/alohaverarural.com\/fr\/wp-json\/wp\/v2\/pages\/4266","targetHints":{"allow":["GET"]}}],"collection":[{"href":"https:\/\/alohaverarural.com\/fr\/wp-json\/wp\/v2\/pages"}],"about":[{"href":"https:\/\/alohaverarural.com\/fr\/wp-json\/wp\/v2\/types\/page"}],"author":[{"embeddable":true,"href":"https:\/\/alohaverarural.com\/fr\/wp-json\/wp\/v2\/users\/1"}],"replies":[{"embeddable":true,"href":"https:\/\/alohaverarural.com\/fr\/wp-json\/wp\/v2\/comments?post=4266"}],"version-history":[{"count":1,"href":"https:\/\/alohaverarural.com\/fr\/wp-json\/wp\/v2\/pages\/4266\/revisions"}],"predecessor-version":[{"id":4267,"href":"https:\/\/alohaverarural.com\/fr\/wp-json\/wp\/v2\/pages\/4266\/revisions\/4267"}],"wp:attachment":[{"href":"https:\/\/alohaverarural.com\/fr\/wp-json\/wp\/v2\/media?parent=4266"}],"curies":[{"name":"wp","href":"https:\/\/api.w.org\/{rel}","templated":true}]}}